{"id":95,"date":"2020-12-11T12:43:18","date_gmt":"2020-12-11T12:43:18","guid":{"rendered":"https:\/\/nieuw.nieuwjaarsduikouddorp.nl\/?page_id=95"},"modified":"2026-01-09T11:10:58","modified_gmt":"2026-01-09T11:10:58","slug":"inschrijving-2","status":"publish","type":"page","link":"https:\/\/nieuwjaarsduikouddorp.nl\/index.php\/inschrijving-2\/","title":{"rendered":"Inschrijven"},"content":{"rendered":"<div class=\"wp-block-image\">\n<figure class=\"aligncenter size-full\"><a href=\"https:\/\/store.ticketing.cm.com\/nieuwjaarsduikouddorp\/step\/03148db3-26e5-48ec-a7a2-1d646bb67a8b\" target=\"_blank\" rel=\" noreferrer noopener\"><img loading=\"lazy\" decoding=\"async\" width=\"1024\" height=\"1024\" src=\"https:\/\/nieuwjaarsduikouddorp.nl\/wp-content\/uploads\/2025\/10\/pinguin-inschrijf-hier.png\" alt=\"\" class=\"wp-image-1642\" srcset=\"https:\/\/nieuwjaarsduikouddorp.nl\/wp-content\/uploads\/2025\/10\/pinguin-inschrijf-hier.png 1024w, https:\/\/nieuwjaarsduikouddorp.nl\/wp-content\/uploads\/2025\/10\/pinguin-inschrijf-hier-300x300.png 300w, https:\/\/nieuwjaarsduikouddorp.nl\/wp-content\/uploads\/2025\/10\/pinguin-inschrijf-hier-150x150.png 150w, https:\/\/nieuwjaarsduikouddorp.nl\/wp-content\/uploads\/2025\/10\/pinguin-inschrijf-hier-768x768.png 768w, https:\/\/nieuwjaarsduikouddorp.nl\/wp-content\/uploads\/2025\/10\/pinguin-inschrijf-hier-100x100.png 100w\" sizes=\"auto, (max-width: 767px) 89vw, (max-width: 1000px) 54vw, (max-width: 1071px) 543px, 580px\" \/><\/a><\/figure>\n<\/div>\n\n\n<iframe loading=\"lazy\" src=\"https:\/\/store.ticketing.cm.com\/nieuwjaarsduikouddorp\/step\/03148db3-26e5-48ec-a7a2-1d646bb67a8b\" frameborder=\"0\" style=\"overflow:hidden;height:1000px;width:100%\" height=\"1000px\" width=\"100%\"><\/iframe>\n\n\n\n<p class=\"has-text-align-center\">Of klik op een pingu\u00efn op een webpagina om in te schrijven. Deze wordt in een nieuw tabblad geopend en gaat via CM tickets.<\/p>\n\n\n\n<p class=\"has-text-align-center\">Oder klicken Sie auf einen Pinguin auf der Webseite, um sich anzumelden. Dieser \u00f6ffnet sich in einem neuen Tab und wird \u00fcber CM Tickets abgewickelt.<\/p>\n\n\n\n<p class=\"has-text-align-center\">Or click on a penguin on any web page to register. This will open in a new tab and go through CM tickets.<\/p>\n\n\n<div class=\"wp-block-image\">\n<figure class=\"aligncenter size-large is-resized\"><a href=\"https:\/\/store.ticketing.cm.com\/nieuwjaarsduikouddorp\/step\/03148db3-26e5-48ec-a7a2-1d646bb67a8b\" target=\"_blank\" rel=\" noreferrer noopener\"><img loading=\"lazy\" decoding=\"async\" width=\"683\" height=\"1024\" src=\"https:\/\/nieuwjaarsduikouddorp.nl\/wp-content\/uploads\/2025\/12\/Nieuw-pinguin-pinpas-1-683x1024.jpg\" alt=\"\" class=\"wp-image-1775\" style=\"width:316px;height:auto\" srcset=\"https:\/\/nieuwjaarsduikouddorp.nl\/wp-content\/uploads\/2025\/12\/Nieuw-pinguin-pinpas-1-683x1024.jpg 683w, https:\/\/nieuwjaarsduikouddorp.nl\/wp-content\/uploads\/2025\/12\/Nieuw-pinguin-pinpas-1-200x300.jpg 200w, https:\/\/nieuwjaarsduikouddorp.nl\/wp-content\/uploads\/2025\/12\/Nieuw-pinguin-pinpas-1-768x1152.jpg 768w, https:\/\/nieuwjaarsduikouddorp.nl\/wp-content\/uploads\/2025\/12\/Nieuw-pinguin-pinpas-1.jpg 1024w\" sizes=\"auto, (max-width: 683px) 100vw, 683px\" \/><\/a><\/figure>\n<\/div>\n\n\n<p class=\"has-text-align-center has-black-color has-text-color\" style=\"font-size:16px\">Inschrijven is verplicht en kan bij voorkeur digitaal hierboven via een pingu\u00efn. Elke pingu\u00efn op de website is gekoppeld aan onze ticketsite. Dit kan vanaf 1 oktober tot op de dag zelf tot 13:30 uur. U krijgt na het invullen van het formulier en de betaling een qr code (kijk ook in de spam als u niks krijgt). Het ticket, op papier of op uw telefoon, moet u laten scannen bij de kramen, deze zijn geplaatst voor de reddingspost en strandpaviljoen Paal10. Lukt het via de website niet, dan is er een mogelijkheid om ter plaatse aan te melden en te betalen. Betaling kan contactloos, er zijn PIN-apparaten\u00a0aanwezig.<\/p>\n\n\n\n<p class=\"has-text-align-center\">Bedrag voor deelname is \u20ac6,00.<\/p>\n\n\n\n<p class=\"has-text-align-center\">Om de doorstroming te bevorderen heeft het de voorkeur om gebruik te maken van digitale inschrijving.<\/p>\n\n\n\n<p class=\"has-text-align-center\">Die Anmeldung ist obligatorisch und kann vorzugsweise digital \u00fcber einen pinguin oben erfolgen. Jeder Pinguin auf der Website ist mit unsere Ticket-Website verkn\u00fcpft. Dies ist vom 1. Oktober bis zum Tag der Veranstaltung bis 13:30 Uhr m\u00f6glich. Nach dem Ausf\u00fcllen des Formulars und der Bezahlung erhalten Sie einen QR-Code (sehen Sie auch in Ihrem Spam-Ordner nach, wenn Sie nichts erhalten). Das Ticket, auf Papier oder auf Ihrem Telefon, muss an den St\u00e4nden gescannt werden, die vor der Rettungsstation und dem Strandpavillon Paal10 aufgestellt sind. Wenn es \u00fcber die Website nicht funktioniert, besteht die M\u00f6glichkeit, sich vor Ort anzumelden und zu bezahlen. Die Bezahlung kann kontaktlos erfolgen, es sind PIN-Ger\u00e4te vorhanden.<\/p>\n\n\n\n<p class=\"has-text-align-center\">Um den Durchfluss zu f\u00f6rdern, ist es vorzuziehen, die digitale Anmeldung zu nutzen.<\/p>\n\n\n\n<p class=\"has-text-align-center\">Registration is mandatory and can preferably be done digitally above via any penguin. Each penguin on the website is linked to our ticket site. This can be done from October 1st until 13:30 on the day itself. After completing the form and making the payment, you will receive a QR code (check your spam folder if you do not receive anything). You must have your ticket, either on paper or on your phone, scanned at the stalls, which are located in front of the lifeguard station and beach pavilion Paal10. If you are unable to register via the website, you can register and pay on site. Contactless payment is possible, as there are PIN machines available.<\/p>\n\n\n\n<p class=\"has-text-align-center\">To facilitate the flow of traffic, it is preferable to use digital registration.<\/p>\n\n\n\n<p class=\"has-text-align-center\" style=\"font-size:22px\">!<strong>!Deelname aan de duik is voor eigen risico!<\/strong>! <\/p>\n\n\n\n<p class=\"has-text-align-center has-vivid-red-color has-text-color has-link-color wp-elements-08dd25c86ca508a84e6215ef6e739917\"><strong>Kinderen onder de 12 jaar mogen alleen onder begeleiding van een volwassene duiken.<\/strong><\/p>\n\n\n\n<p class=\"has-text-align-center\" style=\"font-size:22px\"><strong>!!Die Teilnahme am Tauchgang erfolgt auf eigene Gefahr!!<\/strong><\/p>\n\n\n\n<p class=\"has-text-align-center has-vivid-red-color has-text-color has-link-color wp-elements-64e972980cea63451520ad15b1bc4728\"><strong>Kinder unter 12 jahren d\u00fcrfen nur in begleitung eines erwachsenen tauchen.<\/strong><\/p>\n\n\n\n<p class=\"has-text-align-center\" style=\"font-size:22px\"> <strong>!!Participation of the dive is at your own risk!!<\/strong><\/p>\n\n\n\n<p class=\"has-text-align-center has-vivid-red-color has-text-color has-link-color wp-elements-de10d0136b627adc0774cb8607ff03f7\"><strong>Children under the age of 12 may only participate the dive when accompanied by an adult.<\/strong><\/p>\n\n\n<div class=\"wp-block-image\">\n<figure class=\"aligncenter size-large is-resized\"><a href=\"https:\/\/store.ticketing.cm.com\/nieuwjaarsduikouddorp\/step\/03148db3-26e5-48ec-a7a2-1d646bb67a8b\" target=\"_blank\" rel=\" noreferrer noopener\"><img loading=\"lazy\" decoding=\"async\" width=\"683\" height=\"1024\" src=\"https:\/\/nieuwjaarsduikouddorp.nl\/wp-content\/uploads\/2025\/12\/Nieuw-pinguin-ehbo-3-683x1024.jpg\" alt=\"\" class=\"wp-image-1782\" style=\"width:375px;height:auto\" srcset=\"https:\/\/nieuwjaarsduikouddorp.nl\/wp-content\/uploads\/2025\/12\/Nieuw-pinguin-ehbo-3-683x1024.jpg 683w, https:\/\/nieuwjaarsduikouddorp.nl\/wp-content\/uploads\/2025\/12\/Nieuw-pinguin-ehbo-3-200x300.jpg 200w, https:\/\/nieuwjaarsduikouddorp.nl\/wp-content\/uploads\/2025\/12\/Nieuw-pinguin-ehbo-3-768x1152.jpg 768w, https:\/\/nieuwjaarsduikouddorp.nl\/wp-content\/uploads\/2025\/12\/Nieuw-pinguin-ehbo-3.jpg 1024w\" sizes=\"auto, (max-width: 683px) 100vw, 683px\" \/><\/a><\/figure>\n<\/div>\n\n\n<p class=\"has-text-align-center has-vivid-red-color has-text-color\">EHBO is aanwezig<\/p>\n\n\n\n<p class=\"has-text-align-center has-black-color has-text-color\">De eerste 500 <strong>aanwezige<\/strong> deelnemers krijgen een wintermuts (op=op). Deelnemers krijgen een polsbandje waarmee na de duik een kom heerlijke warme erwtensoep voor te verkrijgen is. (op=op)<\/p>\n\n\n\n<p class=\"has-text-align-center\">De opbrengst gaat naar het KNRM station Ouddorp en de Ouddorpse Reddingsbrigade. De links naar de respectievelijke websites staan onderaan de pagina.<\/p>\n\n\n<div class=\"wp-block-image\">\n<figure class=\"aligncenter size-large is-resized\"><a href=\"https:\/\/www.knrm.nl\/reddingstations\/ouddorp\" target=\"_blank\" rel=\"noopener\"><img loading=\"lazy\" decoding=\"async\" width=\"225\" height=\"225\" src=\"https:\/\/nieuwjaarsduikva-ljrohj50tf.live-website.com\/wp-content\/uploads\/2021\/10\/Logo-KNRM.png\" alt=\"\" class=\"wp-image-281\" style=\"width:298px;height:298px\" srcset=\"https:\/\/nieuwjaarsduikouddorp.nl\/wp-content\/uploads\/2021\/10\/Logo-KNRM.png 225w, https:\/\/nieuwjaarsduikouddorp.nl\/wp-content\/uploads\/2021\/10\/Logo-KNRM-150x150.png 150w, https:\/\/nieuwjaarsduikouddorp.nl\/wp-content\/uploads\/2021\/10\/Logo-KNRM-100x100.png 100w\" sizes=\"auto, (max-width: 225px) 100vw, 225px\" \/><\/a><\/figure>\n<\/div>\n\n<div class=\"wp-block-image\">\n<figure class=\"aligncenter size-large is-resized\"><a href=\"https:\/\/www.ouddorpsereddingsbrigade.nl\/\" target=\"_blank\" rel=\"noopener\"><img loading=\"lazy\" decoding=\"async\" width=\"397\" height=\"400\" src=\"https:\/\/nieuwjaarsduikva-ljrohj50tf.live-website.com\/wp-content\/uploads\/2021\/10\/Logo-Reddingsbrigade.jpeg\" alt=\"\" class=\"wp-image-283\" style=\"width:317px;height:319px\" srcset=\"https:\/\/nieuwjaarsduikouddorp.nl\/wp-content\/uploads\/2021\/10\/Logo-Reddingsbrigade.jpeg 397w, https:\/\/nieuwjaarsduikouddorp.nl\/wp-content\/uploads\/2021\/10\/Logo-Reddingsbrigade-298x300.jpeg 298w, https:\/\/nieuwjaarsduikouddorp.nl\/wp-content\/uploads\/2021\/10\/Logo-Reddingsbrigade-150x150.jpeg 150w, https:\/\/nieuwjaarsduikouddorp.nl\/wp-content\/uploads\/2021\/10\/Logo-Reddingsbrigade-100x100.jpeg 100w\" sizes=\"auto, (max-width: 397px) 100vw, 397px\" \/><\/a><\/figure>\n<\/div>\n\n\n<p><\/p>\n","protected":false},"excerpt":{"rendered":"<p>Of klik op een pingu\u00efn op een webpagina om in te schrijven. Deze wordt in een nieuw tabblad geopend en gaat via CM tickets. Oder klicken Sie auf einen Pinguin auf der Webseite, um sich anzumelden. Dieser \u00f6ffnet sich in einem neuen Tab und wird \u00fcber CM Tickets abgewickelt. Or click on a penguin on &hellip; <\/p>\n<p class=\"link-more\"><a href=\"https:\/\/nieuwjaarsduikouddorp.nl\/index.php\/inschrijving-2\/\" class=\"more-link\">Lees verder <span class=\"screen-reader-text\">&#8220;Inschrijven&#8221;<\/span><\/a><\/p>\n","protected":false},"author":1,"featured_media":0,"parent":0,"menu_order":0,"comment_status":"closed","ping_status":"closed","template":"","meta":{"footnotes":""},"class_list":["post-95","page","type-page","status-publish","hentry"],"_links":{"self":[{"href":"https:\/\/nieuwjaarsduikouddorp.nl\/index.php\/wp-json\/wp\/v2\/pages\/95","targetHints":{"allow":["GET"]}}],"collection":[{"href":"https:\/\/nieuwjaarsduikouddorp.nl\/index.php\/wp-json\/wp\/v2\/pages"}],"about":[{"href":"https:\/\/nieuwjaarsduikouddorp.nl\/index.php\/wp-json\/wp\/v2\/types\/page"}],"author":[{"embeddable":true,"href":"https:\/\/nieuwjaarsduikouddorp.nl\/index.php\/wp-json\/wp\/v2\/users\/1"}],"replies":[{"embeddable":true,"href":"https:\/\/nieuwjaarsduikouddorp.nl\/index.php\/wp-json\/wp\/v2\/comments?post=95"}],"version-history":[{"count":127,"href":"https:\/\/nieuwjaarsduikouddorp.nl\/index.php\/wp-json\/wp\/v2\/pages\/95\/revisions"}],"predecessor-version":[{"id":1829,"href":"https:\/\/nieuwjaarsduikouddorp.nl\/index.php\/wp-json\/wp\/v2\/pages\/95\/revisions\/1829"}],"wp:attachment":[{"href":"https:\/\/nieuwjaarsduikouddorp.nl\/index.php\/wp-json\/wp\/v2\/media?parent=95"}],"curies":[{"name":"wp","href":"https:\/\/api.w.org\/{rel}","templated":true}]}}