{"id":102,"date":"2020-12-11T12:52:20","date_gmt":"2020-12-11T12:52:20","guid":{"rendered":"https:\/\/nieuw.nieuwjaarsduikouddorp.nl\/?page_id=102"},"modified":"2025-12-16T16:13:07","modified_gmt":"2025-12-16T16:13:07","slug":"welkom-bij-de-nieuwjaarsduik-ouddorp","status":"publish","type":"page","link":"https:\/\/nieuwjaarsduikouddorp.nl\/","title":{"rendered":"Home"},"content":{"rendered":"\n<p class=\"has-text-align-center has-vivid-red-color has-text-color has-link-color wp-elements-ea4fcc9eb9c87c98ad4be583710f7f05\"><\/p>\n\n\n<div class=\"wp-block-image\">\n<figure class=\"aligncenter size-large is-resized\"><a href=\"https:\/\/store.ticketing.cm.com\/nieuwjaarsduikouddorp\/step\/03148db3-26e5-48ec-a7a2-1d646bb67a8b\" target=\"_blank\" rel=\" noreferrer noopener\"><img loading=\"lazy\" decoding=\"async\" width=\"683\" height=\"1024\" src=\"https:\/\/nieuwjaarsduikouddorp.nl\/wp-content\/uploads\/2025\/12\/Nieuw-pinguin-duikbril-683x1024.png\" alt=\"\" class=\"wp-image-1793\" style=\"aspect-ratio:0.6669932748407785;width:380px;height:auto\" srcset=\"https:\/\/nieuwjaarsduikouddorp.nl\/wp-content\/uploads\/2025\/12\/Nieuw-pinguin-duikbril-683x1024.png 683w, https:\/\/nieuwjaarsduikouddorp.nl\/wp-content\/uploads\/2025\/12\/Nieuw-pinguin-duikbril-200x300.png 200w, https:\/\/nieuwjaarsduikouddorp.nl\/wp-content\/uploads\/2025\/12\/Nieuw-pinguin-duikbril-768x1152.png 768w, https:\/\/nieuwjaarsduikouddorp.nl\/wp-content\/uploads\/2025\/12\/Nieuw-pinguin-duikbril.png 1024w\" sizes=\"auto, (max-width: 683px) 100vw, 683px\" \/><\/a><\/figure>\n<\/div>\n\n\n<p class=\"has-text-align-center\">Welkom op de website van de Nieuwjaarsduik Ouddorp. Hier staat alle informatie mbt de te houden nieuwjaarsduik op 1 januari. Bij het menu &#8220;inschrijven&#8221; kunt u digitaal registreren en betalen. De inschrijfpagina is vernieuwd. Ook buitenlandse gasten kunnen daar nu terecht.<\/p>\n\n\n\n<p class=\"has-text-align-center\">Willkommen auf der Website des Neujahrstauchens Ouddorp. Hier finden Sie alle Informationen zum Neujahrstauchgang am 1. Januar. Im Men\u00fc \u201einschrijven\u201c k\u00f6nnen Sie sich digital registrieren und bezahlen. Die Registrierungsseite wurde aktualisiert. Dort k\u00f6nnen nun auch ausl\u00e4ndische G\u00e4ste hingehen.<\/p>\n\n\n\n<p class=\"has-text-align-center\">Welcome to the website of the New Year&#8217;s Dive Ouddorp. Here you will find all information regarding the New Year&#8217;s dive to be held on January 1st. You can register and pay digitally in the \u201cinschrijven\u201d menu. The registration page has been updated. Foreign guests can now also go there.<\/p>\n\n\n\n<figure class=\"wp-block-image size-full\"><img loading=\"lazy\" decoding=\"async\" width=\"20\" height=\"20\" src=\"https:\/\/nieuwjaarsduikva-ljrohj50tf.live-website.com\/wp-content\/uploads\/2023\/10\/image.png\" alt=\"\" class=\"wp-image-1113\"\/><\/figure>\n","protected":false},"excerpt":{"rendered":"<p>Welkom op de website van de Nieuwjaarsduik Ouddorp. Hier staat alle informatie mbt de te houden nieuwjaarsduik op 1 januari. Bij het menu &#8220;inschrijven&#8221; kunt u digitaal registreren en betalen. De inschrijfpagina is vernieuwd. Ook buitenlandse gasten kunnen daar nu terecht. Willkommen auf der Website des Neujahrstauchens Ouddorp. Hier finden Sie alle Informationen zum Neujahrstauchgang &hellip; <\/p>\n<p class=\"link-more\"><a href=\"https:\/\/nieuwjaarsduikouddorp.nl\/\" class=\"more-link\">Lees verder <span class=\"screen-reader-text\">&#8220;Home&#8221;<\/span><\/a><\/p>\n","protected":false},"author":1,"featured_media":0,"parent":0,"menu_order":0,"comment_status":"closed","ping_status":"closed","template":"","meta":{"footnotes":""},"class_list":["post-102","page","type-page","status-publish","hentry"],"_links":{"self":[{"href":"https:\/\/nieuwjaarsduikouddorp.nl\/index.php\/wp-json\/wp\/v2\/pages\/102","targetHints":{"allow":["GET"]}}],"collection":[{"href":"https:\/\/nieuwjaarsduikouddorp.nl\/index.php\/wp-json\/wp\/v2\/pages"}],"about":[{"href":"https:\/\/nieuwjaarsduikouddorp.nl\/index.php\/wp-json\/wp\/v2\/types\/page"}],"author":[{"embeddable":true,"href":"https:\/\/nieuwjaarsduikouddorp.nl\/index.php\/wp-json\/wp\/v2\/users\/1"}],"replies":[{"embeddable":true,"href":"https:\/\/nieuwjaarsduikouddorp.nl\/index.php\/wp-json\/wp\/v2\/comments?post=102"}],"version-history":[{"count":70,"href":"https:\/\/nieuwjaarsduikouddorp.nl\/index.php\/wp-json\/wp\/v2\/pages\/102\/revisions"}],"predecessor-version":[{"id":1794,"href":"https:\/\/nieuwjaarsduikouddorp.nl\/index.php\/wp-json\/wp\/v2\/pages\/102\/revisions\/1794"}],"wp:attachment":[{"href":"https:\/\/nieuwjaarsduikouddorp.nl\/index.php\/wp-json\/wp\/v2\/media?parent=102"}],"curies":[{"name":"wp","href":"https:\/\/api.w.org\/{rel}","templated":true}]}}